{"id":13,"date":"2021-05-17T12:56:31","date_gmt":"2021-05-17T12:56:31","guid":{"rendered":"https:\/\/alltagsbetreuung-mit-herz.de\/?page_id=13"},"modified":"2025-05-28T09:03:46","modified_gmt":"2025-05-28T09:03:46","slug":"home","status":"publish","type":"page","link":"https:\/\/alltagsbetreuung-mit-herz.de\/","title":{"rendered":"Home"},"content":{"rendered":"\n<p>Zu Hause leben und gut versorgt sein \u2013 auch im Alter oder Krankheitsfall. Bei diesem Wunsch unterst\u00fctzen wir, das Team von Alltagsbetreuung mit Herz, Sie mit unserer Alltagsbetreuung.<\/p>\n\n\n\n<p>Wir k\u00fcmmern uns um Ihre Pflege zu Hause, \u00fcbernehmen Nachbarschaftshilfe und Hauswirtschaft oder bieten verschiedene Leistungen f\u00fcr Menschen mit einer Demenzerkrankung sowie Familienpflege. Angeh\u00f6rigen stehen wir beratend, mit Kursen f\u00fcr pflegende Angeh\u00f6rige und mit verschiedenen Entlastungsangeboten zur Seite.<\/p>\n\n\n\n<p>Mit unserem Pflegedienst in der N\u00e4he sind wir da, wenn Sie uns brauchen. Als gemeinn\u00fctziger Dienst ist unser Ziel nicht die Gewinnmaximierung, sondern das Erbringen von sozialen Dienstleistungen zu bezahlbaren Preisen. Schnell, unkompliziert und zuverl\u00e4ssig.<\/p>\n\n\n\n<p>Als Arbeitgeber sind wir stolz auf unsere vielen langj\u00e4hrigen MitarbeiterInnen und die gute Zusammenarbeit in unseren Teams. Gegenseitige Wertsch\u00e4tzung ist uns wichtig, auch in Form eines fairen Gehaltes f\u00fcr unser Pflegepersonal. Im Arbeitsalltag legen wir Wert auf die Vereinbarkeit von Familie und Beruf und bilden unsere Mitarbeiter best\u00e4ndig weiter.<\/p>\n\n\n\n<p>Gerne beraten wir Sie jederzeit und kostenlos zu unseren Leistungen als Pflegedienst und bei allen Fragen rund um die Pflege zu Hause. Rufen Sie uns einfach gleich an.<\/p>\n\n\n<div class=\"n2_clear\"><ss3-force-full-width data-overflow-x=\"body\" data-horizontal-selector=\"body\"><div class=\"n2-section-smartslider fitvidsignore  n2_clear\" data-ssid=\"1\" tabindex=\"0\" role=\"region\" aria-label=\"Slider\"><div id=\"n2-ss-1-align\" class=\"n2-ss-align\"><div class=\"n2-padding\"><div id=\"n2-ss-1\" data-creator=\"Smart Slider 3\" data-responsive=\"fullwidth\" class=\"n2-ss-slider n2-ow n2-has-hover n2notransition  \">\n\n\n\n<div class=\"n2-ss-slider-wrapper-inside\">\n        <div class=\"n2-ss-slider-1 n2_ss__touch_element n2-ow\">\n            <div class=\"n2-ss-slider-2 n2-ow\">\n                                                <div class=\"n2-ss-slider-3 n2-ow\">\n\n                    <div class=\"n2-ss-slide-backgrounds n2-ow-all\"><div class=\"n2-ss-slide-background\" data-public-id=\"1\" data-mode=\"fill\"><div class=\"n2-ss-slide-background-image\" data-blur=\"0\" data-opacity=\"100\" data-x=\"50\" data-y=\"50\" data-alt=\"\" data-title=\"\"><picture class=\"skip-lazy\" data-skip-lazy=\"1\"><img decoding=\"async\" src=\"https:\/\/smartslider3.com\/wp-content\/uploads\/slider424\/slide1.png\" alt=\"\" title=\"\" loading=\"lazy\" class=\"skip-lazy\" data-skip-lazy=\"1\"><\/picture><\/div><div data-color=\"RGBA(255,255,255,0)\" style=\"background-color: RGBA(255,255,255,0);\" class=\"n2-ss-slide-background-color\"><\/div><\/div><div class=\"n2-ss-slide-background\" data-public-id=\"2\" data-mode=\"fill\" aria-hidden=\"true\"><div class=\"n2-ss-slide-background-image\" data-blur=\"0\" data-opacity=\"100\" data-x=\"50\" data-y=\"50\" data-alt=\"\" data-title=\"\"><picture class=\"skip-lazy\" data-skip-lazy=\"1\"><img decoding=\"async\" src=\"https:\/\/smartslider3.com\/wp-content\/uploads\/slider424\/slide2.png\" alt=\"\" title=\"\" loading=\"lazy\" class=\"skip-lazy\" data-skip-lazy=\"1\"><\/picture><\/div><div data-color=\"RGBA(255,255,255,0)\" style=\"background-color: RGBA(255,255,255,0);\" class=\"n2-ss-slide-background-color\"><\/div><\/div><\/div>                    <div class=\"n2-ss-slider-4 n2-ow\">\n                        <svg xmlns=\"http:\/\/www.w3.org\/2000\/svg\" viewBox=\"0 0 1200 600\" data-related-device=\"desktopPortrait\" class=\"n2-ow n2-ss-preserve-size n2-ss-preserve-size--slider n2-ss-slide-limiter\"><\/svg><div data-first=\"1\" data-slide-duration=\"0\" data-id=\"1\" data-slide-public-id=\"1\" data-title=\"Slide Background\" class=\"n2-ss-slide n2-ow  n2-ss-slide-1\"><div role=\"note\" class=\"n2-ss-slide--focus\" tabindex=\"-1\">Slide Background<\/div><div class=\"n2-ss-layers-container n2-ss-slide-limiter n2-ow\"><div class=\"n2-ss-layer n2-ow n-uc-aMNi1oAZZcUH\" data-sstype=\"slide\" data-pm=\"default\"><div class=\"n2-ss-layer n2-ow n-uc-IbNOabpfT5aE\" data-pm=\"default\" data-sstype=\"content\" data-hasbackground=\"0\"><div class=\"n2-ss-section-main-content n2-ss-layer-with-background n2-ss-layer-content n2-ow n-uc-IbNOabpfT5aE-inner\"><div class=\"n2-ss-layer n2-ow n2-ss-layer--block n2-ss-has-self-align n-uc-dtwtw9DVCwgQ\" data-pm=\"normal\" data-sstype=\"row\"><div class=\"n2-ss-layer-row n2-ss-layer-with-background n-uc-dtwtw9DVCwgQ-inner\"><div class=\"n2-ss-layer-row-inner \"><div class=\"n2-ss-layer n2-ow n-uc-Fjvyu081qJeK\" data-pm=\"default\" data-sstype=\"col\"><div class=\"n2-ss-layer-col n2-ss-layer-with-background n2-ss-layer-content n-uc-Fjvyu081qJeK-inner\"><div class=\"n2-ss-layer n2-ow n-uc-2KKHfVWF5Gmj\" data-pm=\"normal\" data-sstype=\"layer\"><div id=\"n2-ss-1item1\" class=\"n2-font-ce74a14e2dab7dae8cfd9865f92c4844-hover   n2-ss-item-content n2-ss-text n2-ow\" style=\"display:block;\">01. Slide Background<\/div><\/div><div class=\"n2-ss-layer n2-ow n-uc-Qmle5jnsE3uQ\" data-pm=\"normal\" data-sstype=\"layer\"><div id=\"n2-ss-1item2\" class=\"n2-font-343d27bb0887dfde4c937d97083e1204-hover   n2-ss-item-content n2-ss-text n2-ow\" style=\"display:block;\">Every slide includes a background, which can be a picture or solid color.<\/div><\/div><div class=\"n2-ss-layer n2-ow n-uc-Zlhlr4KhmDyz\" data-pm=\"normal\" data-sstype=\"layer\"><div id=\"n2-ss-1item3\" class=\"n2-font-15db24c4557f77f3de4624529d8c4578-hover   n2-ss-item-content n2-ss-text n2-ow\" style=\"display:block;\">Step 1<\/div><\/div><div class=\"n2-ss-layer n2-ow n-uc-8kUFOJfwCnFi\" data-pm=\"normal\" data-sstype=\"layer\"><div class=\"n2-ss-item-content n2-ss-text n2-ow-all\"><div class=\"\"><p class=\"n2-font-5612f97b3f20d169952fc629520e3322-paragraph   \">To change the background click on the label bar and in the layer window select the style tab.<\/p>\n<\/div><\/div><\/div><div class=\"n2-ss-layer n2-ow n-uc-Zalwi71u9SJ5\" data-pm=\"normal\" data-sstype=\"layer\"><div id=\"n2-ss-1item5\" class=\"n2-font-15db24c4557f77f3de4624529d8c4578-hover   n2-ss-item-content n2-ss-text n2-ow\" style=\"display:block;\">Step 2<\/div><\/div><div class=\"n2-ss-layer n2-ow n-uc-glyzuAt6vJfP\" data-pm=\"normal\" data-sstype=\"layer\"><div class=\"n2-ss-item-content n2-ss-text n2-ow-all\"><div class=\"\"><p class=\"n2-font-5612f97b3f20d169952fc629520e3322-paragraph   \">Choose a source from the background top tab then upload an image or pick a background color.<\/p>\n<\/div><\/div><\/div><div class=\"n2-ss-layer n2-ow n-uc-uMQp7K1zVsDR n2-ss-layer--auto\" data-pm=\"normal\" data-sstype=\"layer\"><div class=\"n2-ss-button-container n2-ss-item-content n2-ow n2-font-eff2aced2781d2712e1951a8ee5e5a94-link  n2-ss-nowrap n2-ss-button-container--non-full-width\"><a class=\"n2-style-771503a848f3e267c98f8cc9614a667b-heading  n2-ow \" role=\"button\" onclick=\"n2ss.applyActionWithClick(event, 'next');\" href=\"#\"><div><div>Next Slide<\/div><\/div><\/a><\/div><\/div><\/div><\/div><div class=\"n2-ss-layer n2-ow n-uc-LnImbm1HgUAv\" data-pm=\"default\" data-sstype=\"col\"><div class=\"n2-ss-layer-col n2-ss-layer-with-background n2-ss-layer-content n-uc-LnImbm1HgUAv-inner\"><div class=\"n2-ss-layer n2-ow n-uc-UKLkypQyriPB\" data-pm=\"normal\" data-sstype=\"layer\"><div class=\" n2-ss-item-image-content n2-ss-item-content n2-ow-all\"><img loading=\"lazy\" decoding=\"async\" id=\"n2-ss-1item8\" alt=\"\" class=\"skip-lazy\" width=\"640\" height=\"550\" data-skip-lazy=\"1\" src=\"https:\/\/smartslider3.com\/wp-content\/uploads\/slider424\/background.png\" \/><\/div><\/div><\/div><\/div><\/div><\/div><\/div><\/div><\/div><\/div><\/div><\/div><div data-slide-duration=\"0\" data-id=\"2\" data-slide-public-id=\"2\" aria-hidden=\"true\" data-title=\"Build &amp; Design\" class=\"n2-ss-slide n2-ow  n2-ss-slide-2\"><div role=\"note\" class=\"n2-ss-slide--focus\" tabindex=\"-1\">Build &#038; Design<\/div><div class=\"n2-ss-layers-container n2-ss-slide-limiter n2-ow\"><div class=\"n2-ss-layer n2-ow n-uc-XQ36yPYrXJsq\" data-sstype=\"slide\" data-pm=\"default\"><div class=\"n2-ss-layer n2-ow n-uc-TPnUuKlAWVoC\" data-pm=\"default\" data-sstype=\"content\" data-hasbackground=\"0\"><div class=\"n2-ss-section-main-content n2-ss-layer-with-background n2-ss-layer-content n2-ow n-uc-TPnUuKlAWVoC-inner\"><div class=\"n2-ss-layer n2-ow n2-ss-layer--block n2-ss-has-self-align n-uc-NmnNQvKK01kO\" data-pm=\"normal\" data-sstype=\"row\"><div class=\"n2-ss-layer-row n2-ss-layer-with-background n-uc-NmnNQvKK01kO-inner\"><div class=\"n2-ss-layer-row-inner \"><div class=\"n2-ss-layer n2-ow n-uc-R5Jkk06Nmzr4\" data-pm=\"default\" data-sstype=\"col\"><div class=\"n2-ss-layer-col n2-ss-layer-with-background n2-ss-layer-content n-uc-R5Jkk06Nmzr4-inner\"><div class=\"n2-ss-layer n2-ow n-uc-c4ewtyUaYW0f\" data-pm=\"normal\" data-sstype=\"layer\"><div id=\"n2-ss-1item9\" class=\"n2-font-ce74a14e2dab7dae8cfd9865f92c4844-hover   n2-ss-item-content n2-ss-text n2-ow\" style=\"display:block;\">02. Build &amp; Design<\/div><\/div><div class=\"n2-ss-layer n2-ow n-uc-6GDnWhnBpTNf\" data-pm=\"normal\" data-sstype=\"layer\"><div id=\"n2-ss-1item10\" class=\"n2-font-343d27bb0887dfde4c937d97083e1204-hover   n2-ss-item-content n2-ss-text n2-ow\" style=\"display:block;\">Build any layout with layers and customize your designs limitlessly.<\/div><\/div><div class=\"n2-ss-layer n2-ow n-uc-sy9HYopVr8Ju\" data-pm=\"normal\" data-sstype=\"layer\"><div id=\"n2-ss-1item11\" class=\"n2-font-15db24c4557f77f3de4624529d8c4578-hover   n2-ss-item-content n2-ss-text n2-ow\" style=\"display:block;\">Step 1<\/div><\/div><div class=\"n2-ss-layer n2-ow n-uc-sLAmqj8VPj4G\" data-pm=\"normal\" data-sstype=\"layer\"><div class=\"n2-ss-item-content n2-ss-text n2-ow-all\"><div class=\"\"><p class=\"n2-font-5612f97b3f20d169952fc629520e3322-paragraph   \">To add a layer, click the green plus button in the left sidebar and select the type of layer.<\/p>\n<\/div><\/div><\/div><div class=\"n2-ss-layer n2-ow n-uc-9a1UQMGQvXYw\" data-pm=\"normal\" data-sstype=\"layer\"><div id=\"n2-ss-1item13\" class=\"n2-font-15db24c4557f77f3de4624529d8c4578-hover   n2-ss-item-content n2-ss-text n2-ow\" style=\"display:block;\">Step 2<\/div><\/div><div class=\"n2-ss-layer n2-ow n-uc-QeH2E53bgNB1\" data-pm=\"normal\" data-sstype=\"layer\"><div class=\"n2-ss-item-content n2-ss-text n2-ow-all\"><div class=\"\"><p class=\"n2-font-5612f97b3f20d169952fc629520e3322-paragraph   \">Select any layer and you can edit its content and style properties in the layer window.<\/p>\n<\/div><\/div><\/div><div class=\"n2-ss-layer n2-ow n-uc-79RrUFVF67cE n2-ss-layer--auto\" data-pm=\"normal\" data-sstype=\"layer\"><div class=\"n2-ss-button-container n2-ss-item-content n2-ow n2-font-eff2aced2781d2712e1951a8ee5e5a94-link  n2-ss-nowrap n2-ss-button-container--non-full-width\"><a class=\"n2-style-771503a848f3e267c98f8cc9614a667b-heading  n2-ow \" role=\"button\" onclick=\"n2ss.applyActionWithClick(event, 'next');\" href=\"#\"><div><div>Next Slide<\/div><\/div><\/a><\/div><\/div><\/div><\/div><div class=\"n2-ss-layer n2-ow n-uc-iYi6ZKk8yeVp\" data-pm=\"default\" data-sstype=\"col\"><div class=\"n2-ss-layer-col n2-ss-layer-with-background n2-ss-layer-content n-uc-iYi6ZKk8yeVp-inner\"><div class=\"n2-ss-layer n2-ow n-uc-d2ahMPq8LITv\" data-pm=\"normal\" data-sstype=\"layer\"><div class=\" n2-ss-item-image-content n2-ss-item-content n2-ow-all\"><img decoding=\"async\" id=\"n2-ss-1item16\" alt=\"\" class=\"skip-lazy\" loading=\"lazy\" width=\"640\" height=\"550\" data-skip-lazy=\"1\" src=\"https:\/\/smartslider3.com\/wp-content\/uploads\/slider424\/buildanddesign.png\" \/><\/div><\/div><\/div><\/div><\/div><\/div><\/div><\/div><\/div><\/div><\/div><\/div>                    <\/div>\n\n                                    <\/div>\n            <\/div>\n        <\/div>\n        <div class=\"n2-ss-slider-controls n2-ss-slider-controls-absolute-center-bottom\"><div style=\"--widget-offset:5px;\" class=\"n2-ss-widget n2-ss-control-bullet n2-ow-all n2-ss-control-bullet-horizontal\"><div class=\" nextend-bullet-bar n2-bar-justify-content-center\" role=\"group\" aria-label=\"Choose slide to display.\"><div class=\"n2-bullet n2-style-37b83350d88fb82e7ea26e8ad7887167-dot \" style=\"visibility:hidden;\"><\/div><\/div><\/div><\/div><\/div><\/div><ss3-loader><\/ss3-loader><\/div><\/div><div class=\"n2_clear\"><\/div><\/div><\/ss3-force-full-width><\/div>","protected":false},"excerpt":{"rendered":"<p>Zu Hause leben und gut versorgt sein \u2013 auch im Alter oder Krankheitsfall. Bei diesem Wunsch unterst\u00fctzen wir, das Team von Alltagsbetreuung mit Herz, Sie mit unserer Alltagsbetreuung. Wir k\u00fcmmern uns um Ihre Pflege zu Hause, \u00fcbernehmen Nachbarschaftshilfe und Hauswirtschaft oder bieten verschiedene Leistungen f\u00fcr Menschen mit einer Demenzerkrankung sowie Familienpflege. Angeh\u00f6rigen stehen wir beratend, [&hellip;]<\/p>\n","protected":false},"author":1,"featured_media":38,"parent":0,"menu_order":0,"comment_status":"closed","ping_status":"closed","template":"","meta":{"footnotes":""},"class_list":["post-13","page","type-page","status-publish","has-post-thumbnail","hentry","post","post-with-thumbnail","post-with-thumbnail-large"],"yoast_head":"<!-- This site is optimized with the Yoast SEO plugin v27.3 - https:\/\/yoast.com\/product\/yoast-seo-wordpress\/ -->\n<title>Home - Alltagsbetreuung mit Herz<\/title>\n<meta name=\"robots\" content=\"index, follow, max-snippet:-1, max-image-preview:large, max-video-preview:-1\" \/>\n<link rel=\"canonical\" href=\"https:\/\/alltagsbetreuung-mit-herz.de\/\" \/>\n<meta property=\"og:locale\" content=\"de_DE\" \/>\n<meta property=\"og:type\" content=\"article\" \/>\n<meta property=\"og:title\" content=\"Home - Alltagsbetreuung mit Herz\" \/>\n<meta property=\"og:description\" content=\"Zu Hause leben und gut versorgt sein \u2013 auch im Alter oder Krankheitsfall. Bei diesem Wunsch unterst\u00fctzen wir, das Team von Alltagsbetreuung mit Herz, Sie mit unserer Alltagsbetreuung. Wir k\u00fcmmern uns um Ihre Pflege zu Hause, \u00fcbernehmen Nachbarschaftshilfe und Hauswirtschaft oder bieten verschiedene Leistungen f\u00fcr Menschen mit einer Demenzerkrankung sowie Familienpflege. Angeh\u00f6rigen stehen wir beratend, [&hellip;]\" \/>\n<meta property=\"og:url\" content=\"https:\/\/alltagsbetreuung-mit-herz.de\/\" \/>\n<meta property=\"og:site_name\" content=\"Alltagsbetreuung mit Herz\" \/>\n<meta property=\"article:modified_time\" content=\"2025-05-28T09:03:46+00:00\" \/>\n<meta property=\"og:image\" content=\"https:\/\/alltagsbetreuung-mit-herz.de\/wp-content\/uploads\/2021\/05\/foto_home.jpg\" \/>\n\t<meta property=\"og:image:width\" content=\"2000\" \/>\n\t<meta property=\"og:image:height\" content=\"900\" \/>\n\t<meta property=\"og:image:type\" content=\"image\/jpeg\" \/>\n<meta name=\"twitter:card\" content=\"summary_large_image\" \/>\n<meta name=\"twitter:label1\" content=\"Gesch\u00e4tzte Lesezeit\" \/>\n\t<meta name=\"twitter:data1\" content=\"2\u00a0Minuten\" \/>\n<script type=\"application\/ld+json\" class=\"yoast-schema-graph\">{\"@context\":\"https:\\\/\\\/schema.org\",\"@graph\":[{\"@type\":\"WebPage\",\"@id\":\"https:\\\/\\\/alltagsbetreuung-mit-herz.de\\\/\",\"url\":\"https:\\\/\\\/alltagsbetreuung-mit-herz.de\\\/\",\"name\":\"Home - Alltagsbetreuung mit Herz\",\"isPartOf\":{\"@id\":\"https:\\\/\\\/alltagsbetreuung-mit-herz.de\\\/#website\"},\"primaryImageOfPage\":{\"@id\":\"https:\\\/\\\/alltagsbetreuung-mit-herz.de\\\/#primaryimage\"},\"image\":{\"@id\":\"https:\\\/\\\/alltagsbetreuung-mit-herz.de\\\/#primaryimage\"},\"thumbnailUrl\":\"https:\\\/\\\/alltagsbetreuung-mit-herz.de\\\/wp-content\\\/uploads\\\/2021\\\/05\\\/foto_home.jpg\",\"datePublished\":\"2021-05-17T12:56:31+00:00\",\"dateModified\":\"2025-05-28T09:03:46+00:00\",\"breadcrumb\":{\"@id\":\"https:\\\/\\\/alltagsbetreuung-mit-herz.de\\\/#breadcrumb\"},\"inLanguage\":\"de\",\"potentialAction\":[{\"@type\":\"ReadAction\",\"target\":[\"https:\\\/\\\/alltagsbetreuung-mit-herz.de\\\/\"]}]},{\"@type\":\"ImageObject\",\"inLanguage\":\"de\",\"@id\":\"https:\\\/\\\/alltagsbetreuung-mit-herz.de\\\/#primaryimage\",\"url\":\"https:\\\/\\\/alltagsbetreuung-mit-herz.de\\\/wp-content\\\/uploads\\\/2021\\\/05\\\/foto_home.jpg\",\"contentUrl\":\"https:\\\/\\\/alltagsbetreuung-mit-herz.de\\\/wp-content\\\/uploads\\\/2021\\\/05\\\/foto_home.jpg\",\"width\":2000,\"height\":900,\"caption\":\"Im Gespr\u00e4ch\"},{\"@type\":\"BreadcrumbList\",\"@id\":\"https:\\\/\\\/alltagsbetreuung-mit-herz.de\\\/#breadcrumb\",\"itemListElement\":[{\"@type\":\"ListItem\",\"position\":1,\"name\":\"Startseite\",\"item\":\"https:\\\/\\\/alltagsbetreuung-mit-herz.de\\\/\"},{\"@type\":\"ListItem\",\"position\":2,\"name\":\"Home\"}]},{\"@type\":\"WebSite\",\"@id\":\"https:\\\/\\\/alltagsbetreuung-mit-herz.de\\\/#website\",\"url\":\"https:\\\/\\\/alltagsbetreuung-mit-herz.de\\\/\",\"name\":\"Alltagsbetreuung mit Herz\",\"description\":\"Just another WordPress site\",\"publisher\":{\"@id\":\"https:\\\/\\\/alltagsbetreuung-mit-herz.de\\\/#organization\"},\"potentialAction\":[{\"@type\":\"SearchAction\",\"target\":{\"@type\":\"EntryPoint\",\"urlTemplate\":\"https:\\\/\\\/alltagsbetreuung-mit-herz.de\\\/?s={search_term_string}\"},\"query-input\":{\"@type\":\"PropertyValueSpecification\",\"valueRequired\":true,\"valueName\":\"search_term_string\"}}],\"inLanguage\":\"de\"},{\"@type\":\"Organization\",\"@id\":\"https:\\\/\\\/alltagsbetreuung-mit-herz.de\\\/#organization\",\"name\":\"Alltagsbetreuung mit Herz\",\"url\":\"https:\\\/\\\/alltagsbetreuung-mit-herz.de\\\/\",\"logo\":{\"@type\":\"ImageObject\",\"inLanguage\":\"de\",\"@id\":\"https:\\\/\\\/alltagsbetreuung-mit-herz.de\\\/#\\\/schema\\\/logo\\\/image\\\/\",\"url\":\"https:\\\/\\\/alltagsbetreuung-mit-herz.de\\\/wp-content\\\/uploads\\\/2021\\\/05\\\/herz.png\",\"contentUrl\":\"https:\\\/\\\/alltagsbetreuung-mit-herz.de\\\/wp-content\\\/uploads\\\/2021\\\/05\\\/herz.png\",\"width\":296,\"height\":284,\"caption\":\"Alltagsbetreuung mit Herz\"},\"image\":{\"@id\":\"https:\\\/\\\/alltagsbetreuung-mit-herz.de\\\/#\\\/schema\\\/logo\\\/image\\\/\"}}]}<\/script>\n<!-- \/ Yoast SEO plugin. -->","yoast_head_json":{"title":"Home - Alltagsbetreuung mit Herz","robots":{"index":"index","follow":"follow","max-snippet":"max-snippet:-1","max-image-preview":"max-image-preview:large","max-video-preview":"max-video-preview:-1"},"canonical":"https:\/\/alltagsbetreuung-mit-herz.de\/","og_locale":"de_DE","og_type":"article","og_title":"Home - Alltagsbetreuung mit Herz","og_description":"Zu Hause leben und gut versorgt sein \u2013 auch im Alter oder Krankheitsfall. Bei diesem Wunsch unterst\u00fctzen wir, das Team von Alltagsbetreuung mit Herz, Sie mit unserer Alltagsbetreuung. Wir k\u00fcmmern uns um Ihre Pflege zu Hause, \u00fcbernehmen Nachbarschaftshilfe und Hauswirtschaft oder bieten verschiedene Leistungen f\u00fcr Menschen mit einer Demenzerkrankung sowie Familienpflege. Angeh\u00f6rigen stehen wir beratend, [&hellip;]","og_url":"https:\/\/alltagsbetreuung-mit-herz.de\/","og_site_name":"Alltagsbetreuung mit Herz","article_modified_time":"2025-05-28T09:03:46+00:00","og_image":[{"width":2000,"height":900,"url":"https:\/\/alltagsbetreuung-mit-herz.de\/wp-content\/uploads\/2021\/05\/foto_home.jpg","type":"image\/jpeg"}],"twitter_card":"summary_large_image","twitter_misc":{"Gesch\u00e4tzte Lesezeit":"2\u00a0Minuten"},"schema":{"@context":"https:\/\/schema.org","@graph":[{"@type":"WebPage","@id":"https:\/\/alltagsbetreuung-mit-herz.de\/","url":"https:\/\/alltagsbetreuung-mit-herz.de\/","name":"Home - Alltagsbetreuung mit Herz","isPartOf":{"@id":"https:\/\/alltagsbetreuung-mit-herz.de\/#website"},"primaryImageOfPage":{"@id":"https:\/\/alltagsbetreuung-mit-herz.de\/#primaryimage"},"image":{"@id":"https:\/\/alltagsbetreuung-mit-herz.de\/#primaryimage"},"thumbnailUrl":"https:\/\/alltagsbetreuung-mit-herz.de\/wp-content\/uploads\/2021\/05\/foto_home.jpg","datePublished":"2021-05-17T12:56:31+00:00","dateModified":"2025-05-28T09:03:46+00:00","breadcrumb":{"@id":"https:\/\/alltagsbetreuung-mit-herz.de\/#breadcrumb"},"inLanguage":"de","potentialAction":[{"@type":"ReadAction","target":["https:\/\/alltagsbetreuung-mit-herz.de\/"]}]},{"@type":"ImageObject","inLanguage":"de","@id":"https:\/\/alltagsbetreuung-mit-herz.de\/#primaryimage","url":"https:\/\/alltagsbetreuung-mit-herz.de\/wp-content\/uploads\/2021\/05\/foto_home.jpg","contentUrl":"https:\/\/alltagsbetreuung-mit-herz.de\/wp-content\/uploads\/2021\/05\/foto_home.jpg","width":2000,"height":900,"caption":"Im Gespr\u00e4ch"},{"@type":"BreadcrumbList","@id":"https:\/\/alltagsbetreuung-mit-herz.de\/#breadcrumb","itemListElement":[{"@type":"ListItem","position":1,"name":"Startseite","item":"https:\/\/alltagsbetreuung-mit-herz.de\/"},{"@type":"ListItem","position":2,"name":"Home"}]},{"@type":"WebSite","@id":"https:\/\/alltagsbetreuung-mit-herz.de\/#website","url":"https:\/\/alltagsbetreuung-mit-herz.de\/","name":"Alltagsbetreuung mit Herz","description":"Just another WordPress site","publisher":{"@id":"https:\/\/alltagsbetreuung-mit-herz.de\/#organization"},"potentialAction":[{"@type":"SearchAction","target":{"@type":"EntryPoint","urlTemplate":"https:\/\/alltagsbetreuung-mit-herz.de\/?s={search_term_string}"},"query-input":{"@type":"PropertyValueSpecification","valueRequired":true,"valueName":"search_term_string"}}],"inLanguage":"de"},{"@type":"Organization","@id":"https:\/\/alltagsbetreuung-mit-herz.de\/#organization","name":"Alltagsbetreuung mit Herz","url":"https:\/\/alltagsbetreuung-mit-herz.de\/","logo":{"@type":"ImageObject","inLanguage":"de","@id":"https:\/\/alltagsbetreuung-mit-herz.de\/#\/schema\/logo\/image\/","url":"https:\/\/alltagsbetreuung-mit-herz.de\/wp-content\/uploads\/2021\/05\/herz.png","contentUrl":"https:\/\/alltagsbetreuung-mit-herz.de\/wp-content\/uploads\/2021\/05\/herz.png","width":296,"height":284,"caption":"Alltagsbetreuung mit Herz"},"image":{"@id":"https:\/\/alltagsbetreuung-mit-herz.de\/#\/schema\/logo\/image\/"}}]}},"_links":{"self":[{"href":"https:\/\/alltagsbetreuung-mit-herz.de\/index.php\/wp-json\/wp\/v2\/pages\/13","targetHints":{"allow":["GET"]}}],"collection":[{"href":"https:\/\/alltagsbetreuung-mit-herz.de\/index.php\/wp-json\/wp\/v2\/pages"}],"about":[{"href":"https:\/\/alltagsbetreuung-mit-herz.de\/index.php\/wp-json\/wp\/v2\/types\/page"}],"author":[{"embeddable":true,"href":"https:\/\/alltagsbetreuung-mit-herz.de\/index.php\/wp-json\/wp\/v2\/users\/1"}],"replies":[{"embeddable":true,"href":"https:\/\/alltagsbetreuung-mit-herz.de\/index.php\/wp-json\/wp\/v2\/comments?post=13"}],"version-history":[{"count":5,"href":"https:\/\/alltagsbetreuung-mit-herz.de\/index.php\/wp-json\/wp\/v2\/pages\/13\/revisions"}],"predecessor-version":[{"id":111,"href":"https:\/\/alltagsbetreuung-mit-herz.de\/index.php\/wp-json\/wp\/v2\/pages\/13\/revisions\/111"}],"wp:featuredmedia":[{"embeddable":true,"href":"https:\/\/alltagsbetreuung-mit-herz.de\/index.php\/wp-json\/wp\/v2\/media\/38"}],"wp:attachment":[{"href":"https:\/\/alltagsbetreuung-mit-herz.de\/index.php\/wp-json\/wp\/v2\/media?parent=13"}],"curies":[{"name":"wp","href":"https:\/\/api.w.org\/{rel}","templated":true}]}}